{"id":60,"date":"2018-04-16T22:56:25","date_gmt":"2018-04-16T22:56:25","guid":{"rendered":"http:\/\/imanalyst.eu\/?page_id=60"},"modified":"2025-04-05T20:31:36","modified_gmt":"2025-04-05T20:31:36","slug":"home","status":"publish","type":"page","link":"https:\/\/imanalyst.eu\/index.php\/home\/","title":{"rendered":"WHO?"},"content":{"rendered":"<h3><strong>I M Analyst s.r.o.<\/strong><img loading=\"lazy\" decoding=\"async\" class=\" wp-image-560 alignright\" src=\"http:\/\/imanalyst.eu\/wp-content\/uploads\/2023\/01\/face_MI5-285x300.jpg\" alt=\"\" width=\"135\" height=\"143\" srcset=\"https:\/\/imanalyst.eu\/wp-content\/uploads\/2023\/01\/face_MI5-285x300.jpg 285w, https:\/\/imanalyst.eu\/wp-content\/uploads\/2023\/01\/face_MI5-974x1024.jpg 974w, https:\/\/imanalyst.eu\/wp-content\/uploads\/2023\/01\/face_MI5-768x808.jpg 768w, https:\/\/imanalyst.eu\/wp-content\/uploads\/2023\/01\/face_MI5-200x210.jpg 200w, https:\/\/imanalyst.eu\/wp-content\/uploads\/2023\/01\/face_MI5-690x726.jpg 690w, https:\/\/imanalyst.eu\/wp-content\/uploads\/2023\/01\/face_MI5.jpg 1369w\" sizes=\"auto, (max-width: 135px) 100vw, 135px\" \/><br \/>Hrachov\u00e1 71<br \/>Bratislava 821 05<\/h3>\n<p><strong>im@imanalyst.eu<\/strong><\/p>\n<p>I\u010cO: 51286661<br \/>DI\u010c: 2120675172<br \/>VAT ID: SK2120675172<\/p>\n\n\n<p><\/p>\n\n\n\n<p><\/p>\n","protected":false},"excerpt":{"rendered":"<p>I M Analyst s.r.o.Hrachov\u00e1 71Bratislava 821 05 im@imanalyst.eu I\u010cO: 51286661DI\u010c: 2120675172VAT ID: SK2120675172<\/p>\n","protected":false},"author":1,"featured_media":0,"parent":0,"menu_order":1,"comment_status":"closed","ping_status":"closed","template":"","meta":{"_monsterinsights_skip_tracking":false,"_monsterinsights_sitenote_active":false,"_monsterinsights_sitenote_note":"","_monsterinsights_sitenote_category":0,"footnotes":""},"class_list":["post-60","page","type-page","status-publish","hentry"],"_links":{"self":[{"href":"https:\/\/imanalyst.eu\/index.php\/wp-json\/wp\/v2\/pages\/60","targetHints":{"allow":["GET"]}}],"collection":[{"href":"https:\/\/imanalyst.eu\/index.php\/wp-json\/wp\/v2\/pages"}],"about":[{"href":"https:\/\/imanalyst.eu\/index.php\/wp-json\/wp\/v2\/types\/page"}],"author":[{"embeddable":true,"href":"https:\/\/imanalyst.eu\/index.php\/wp-json\/wp\/v2\/users\/1"}],"replies":[{"embeddable":true,"href":"https:\/\/imanalyst.eu\/index.php\/wp-json\/wp\/v2\/comments?post=60"}],"version-history":[{"count":21,"href":"https:\/\/imanalyst.eu\/index.php\/wp-json\/wp\/v2\/pages\/60\/revisions"}],"predecessor-version":[{"id":814,"href":"https:\/\/imanalyst.eu\/index.php\/wp-json\/wp\/v2\/pages\/60\/revisions\/814"}],"wp:attachment":[{"href":"https:\/\/imanalyst.eu\/index.php\/wp-json\/wp\/v2\/media?parent=60"}],"curies":[{"name":"wp","href":"https:\/\/api.w.org\/{rel}","templated":true}]}}