{"id":116,"date":"2018-05-16T14:39:28","date_gmt":"2018-05-16T14:39:28","guid":{"rendered":"http:\/\/imanalyst.eu\/?page_id=116"},"modified":"2025-04-06T16:52:01","modified_gmt":"2025-04-06T16:52:01","slug":"timeline","status":"publish","type":"page","link":"https:\/\/imanalyst.eu\/index.php\/about\/timeline\/","title":{"rendered":"TimeLine"},"content":{"rendered":"<p style=\"text-align: center;\"><a href=\"http:\/\/imanalyst.eu\/index.php\/about\/projects\/\"><span style=\"color: #ff0000;\"><strong>11\/2024 \u2013 <\/strong><\/span><\/a><\/p>\n<p style=\"text-align: center;\"><a href=\"http:\/\/imanalyst.eu\/index.php\/about\/projects\/\"><span style=\"color: #ff0000;\">Erste Digital (Vienna, Austria)<\/span><\/a><\/p>\n<p style=\"text-align: center;\"><a href=\"http:\/\/imanalyst.eu\/index.php\/about\/projects\/\"><span style=\"color: #ff0000;\">Credit Claims and Cover Pool, Commercial Pool<\/span><\/a><\/p>\n<p style=\"text-align: center;\"><a href=\"http:\/\/imanalyst.eu\/index.php\/about\/projects\/\"><span style=\"color: #ff0000;\"><strong>10\/2023 \u2013\u00a0 10\/2024 <\/strong><em>\u00a0\u00a0<\/em><\/span><\/a><\/p>\n<p style=\"text-align: center;\"><a href=\"http:\/\/imanalyst.eu\/index.php\/about\/projects\/\"><span style=\"color: #ff0000;\">Erste Digital (Vienna, Austria)<\/span><\/a><\/p>\n<p style=\"text-align: center;\"><a href=\"http:\/\/imanalyst.eu\/index.php\/about\/projects\/\"><span style=\"color: #ff0000;\">Credit Risk Reporting and Monitoring, EBA GL LOM<\/span><\/a><\/p>\n<p style=\"text-align: center;\"><a href=\"http:\/\/imanalyst.eu\/index.php\/about\/projects\/\"><span style=\"color: #ff0000;\"><strong>10\/2016 \u2013\u00a0 11\/2022\u00a0 <\/strong><em>\u00a0\u00a0<\/em><\/span><\/a><\/p>\n<p style=\"text-align: center;\"><a href=\"http:\/\/imanalyst.eu\/index.php\/about\/projects\/\"><span style=\"color: #ff0000;\">Erste Group (Vienna, Austria)<\/span><\/a><\/p>\n<p style=\"text-align: center;\"><a href=\"http:\/\/imanalyst.eu\/index.php\/about\/projects\/\"><span style=\"color: #ff0000;\">DWH, Logical Data Storage Implementation<\/span><\/a><\/p>\n<p style=\"text-align: center;\"><a href=\"http:\/\/imanalyst.eu\/index.php\/about\/projects\/\"><span style=\"color: #ff0000;\"><strong>07\/2014 \u2013 06\/2016\u00a0\u00a0\u00a0\u00a0\u00a0\u00a0<\/strong><\/span><\/a><\/p>\n<p style=\"text-align: center;\"><a href=\"http:\/\/imanalyst.eu\/index.php\/about\/projects\/\"><span style=\"color: #ff0000;\">Bank Austria AG, UniCredit Group (Vienna, Austria)<\/span><\/a><\/p>\n<p style=\"text-align: center;\"><a href=\"http:\/\/imanalyst.eu\/index.php\/about\/projects\/\"><span style=\"color: #ff0000;\">New Internet Banking System &#8211; CEE 2020<\/span><\/a><\/p>\n<p style=\"text-align: center;\"><span style=\"color: #ff0000;\"><strong><span style=\"color: #ff0000;\"><a style=\"color: #ff0000;\" href=\"http:\/\/imanalyst.eu\/index.php\/about\/projects\/\">11\/2013 \u2013 07\/2014\u00a0<\/a> \u00a0 \u00a0<\/span> \u00a0 \u00a0 \u00a0<\/strong><\/span><\/p>\n<p style=\"text-align: center;\"><a href=\"http:\/\/imanalyst.eu\/index.php\/about\/projects\/\"><span style=\"color: #ff0000;\">DATALAN a.s. (Bratislava, Slovakia)<\/span><\/a><\/p>\n<p style=\"text-align: center;\"><a href=\"http:\/\/imanalyst.eu\/index.php\/about\/projects\/\"><span style=\"color: #ff0000;\">DCOM &#8211; Data Centre of Villages and Towns (www.slovensko.sk)<\/span><\/a><\/p>\n<p style=\"text-align: center;\"><a href=\"http:\/\/imanalyst.eu\/index.php\/about\/projects\/\"><span style=\"color: #ff0000;\"><strong>06\/2013 \u2013 09\/2013\u00a0\u00a0<\/strong><\/span><\/a><\/p>\n<p style=\"text-align: center;\"><a href=\"http:\/\/imanalyst.eu\/index.php\/about\/projects\/\"><span style=\"color: #ff0000;\">mediworx software solutions a.s. (Bratislava, Slovakia)<\/span><\/a><\/p>\n<p style=\"text-align: center;\"><a href=\"http:\/\/imanalyst.eu\/index.php\/about\/projects\/\"><span style=\"color: #ff0000;\">CRM Registry Evidence System &#8211; D\u00f4vera a.s.<\/span><\/a><\/p>\n<p style=\"text-align: center;\"><span style=\"color: #ff0000;\"><strong><a style=\"color: #ff0000;\" href=\"http:\/\/imanalyst.eu\/index.php\/about\/projects\/\">01\/2013 \u2013 05\/2013\u00a0<\/a>\u00a0\u00a0<\/strong><\/span><\/p>\n<p style=\"text-align: center;\"><a href=\"http:\/\/imanalyst.eu\/index.php\/about\/projects\/\"><span style=\"color: #ff0000;\">Tatra Banka a.s., Raiffeisen Bank a.s. (Bratislava, Slovakia)<\/span><\/a><\/p>\n<p style=\"text-align: center;\"><a href=\"http:\/\/imanalyst.eu\/index.php\/about\/projects\/\"><span style=\"color: #ff0000;\">Internet Banking New &#8211; SEPA<\/span><\/a><\/p>\n<p style=\"text-align: center;\"><span style=\"color: #ff0000;\"><strong><span style=\"color: #ff0000;\"><a style=\"color: #ff0000;\" href=\"http:\/\/imanalyst.eu\/index.php\/about\/projects\/\">06\/2011 \u2013 01\/2013<\/a>\u00a0<\/span>\u00a0\u00a0\u00a0\u00a0\u00a0<\/strong><\/span><\/p>\n<p style=\"text-align: center;\"><a href=\"http:\/\/imanalyst.eu\/index.php\/about\/projects\/\"><span style=\"color: #ff0000;\">Unicorn Systems a.s. (Bratislava, Slovakia)<\/span><\/a><\/p>\n<p style=\"text-align: center;\"><a href=\"http:\/\/imanalyst.eu\/index.php\/about\/projects\/\"><span style=\"color: #ff0000;\">Gate, Core Banking System &#8211; Tatra Banka a.s.<\/span><\/a><\/p>\n<p style=\"text-align: center;\"><a href=\"http:\/\/imanalyst.eu\/index.php\/about\/projects\/\"><span style=\"color: #ff0000;\">SUN, Core Banking System &#8211; Raiffeisen Bank a.s.<\/span><\/a><\/p>\n<p style=\"text-align: center;\"><a href=\"http:\/\/imanalyst.eu\/index.php\/about\/projects\/\"><span style=\"color: #ff0000;\">Collections &#8211; Po\u0161tov\u00e1 banka a.s.<\/span><\/a><\/p>\n<p style=\"text-align: center;\"><span style=\"color: #ff0000;\"><strong><span style=\"color: #ff0000;\"><a style=\"color: #ff0000;\" href=\"http:\/\/imanalyst.eu\/index.php\/about\/projects\/\">07\/2010 \u2013 06\/2011\u00a0<\/a>\u00a0\u00a0<\/span>\u00a0\u00a0\u00a0\u00a0<\/strong><\/span><\/p>\n<p style=\"text-align: center;\"><a href=\"http:\/\/imanalyst.eu\/index.php\/about\/projects\/\"><span style=\"color: #ff0000;\">IBM International Services Centre (Bratislava, Slovakia)<\/span><\/a><\/p>\n<p style=\"text-align: center;\"><a href=\"http:\/\/imanalyst.eu\/index.php\/about\/projects\/\"><span style=\"color: #ff0000;\">Contract Controlling UKI, Industrial Sector<\/span><\/a><\/p>\n<p style=\"text-align: center;\"><span style=\"color: #ff0000;\"><strong><span style=\"color: #ff0000;\"><a style=\"color: #ff0000;\" href=\"http:\/\/imanalyst.eu\/index.php\/about\/projects\/\">07\/2008 \u2013 06\/2010<\/a>\u00a0\u00a0\u00a0<\/span>\u00a0<\/strong><\/span><\/p>\n<p style=\"text-align: center;\"><a href=\"http:\/\/imanalyst.eu\/index.php\/about\/projects\/\"><span style=\"color: #ff0000;\">Asseco Central Europe a.s. (Bansk\u00e1 Bystrica \/ Bratislava, Slovakia)<\/span><\/a><\/p>\n<p style=\"text-align: center;\"><a href=\"http:\/\/imanalyst.eu\/index.php\/about\/projects\/\"><span style=\"color: #ff0000;\">DWH, Slovak Tax Directory, Analytics List 1, 2<\/span><\/a><\/p>\n<p style=\"text-align: center;\"><a href=\"http:\/\/imanalyst.eu\/index.php\/about\/projects\/\"><span style=\"color: #ff0000;\">DWH, Allianz a.s., Statutory Reporting System<\/span><\/a><\/p>\n<p style=\"text-align: center;\"><a href=\"http:\/\/imanalyst.eu\/index.php\/about\/projects\/\"><span style=\"color: #ff0000;\">NIS \u2013 New Bank Information System &#8211; Slovensk\u00e1 Sporite\u013e\u0148a a.s.<\/span><\/a><\/p>\n<p style=\"text-align: center;\"><a href=\"http:\/\/imanalyst.eu\/index.php\/about\/projects\/\"><span style=\"color: #ff0000;\"><strong>12\/2007 \u2013 04\/2008\u00a0\u00a0<\/strong><\/span><\/a><\/p>\n<p style=\"text-align: center;\"><a href=\"http:\/\/imanalyst.eu\/index.php\/about\/projects\/\"><span style=\"color: #ff0000;\">ITMG s.r.o (Bansk\u00e1 Bystrica, Slovakia)<\/span><\/a><\/p>\n","protected":false},"excerpt":{"rendered":"<p>11\/2024 \u2013 Erste Digital (Vienna, Austria) Credit Claims and Cover Pool, Commercial Pool 10\/2023 \u2013\u00a0 10\/2024 \u00a0\u00a0 Erste Digital (Vienna, Austria) Credit Risk Reporting and Monitoring, EBA GL LOM 10\/2016 \u2013\u00a0 11\/2022\u00a0 \u00a0\u00a0 Erste Group (Vienna, Austria) DWH, Logical Data Storage Implementation 07\/2014 \u2013 06\/2016\u00a0\u00a0\u00a0\u00a0\u00a0\u00a0 Bank Austria AG, UniCredit Group (Vienna, Austria) New Internet Banking &hellip; <\/p>\n<p class=\"link-more\"><a href=\"https:\/\/imanalyst.eu\/index.php\/about\/timeline\/\" class=\"more-link\">Continue reading<span class=\"screen-reader-text\"> &#8220;TimeLine&#8221;<\/span><\/a><\/p>\n","protected":false},"author":1,"featured_media":0,"parent":110,"menu_order":0,"comment_status":"closed","ping_status":"closed","template":"page-templates\/template_fullwidth.php","meta":{"_monsterinsights_skip_tracking":false,"_monsterinsights_sitenote_active":false,"_monsterinsights_sitenote_note":"","_monsterinsights_sitenote_category":0,"footnotes":""},"class_list":["post-116","page","type-page","status-publish","hentry"],"_links":{"self":[{"href":"https:\/\/imanalyst.eu\/index.php\/wp-json\/wp\/v2\/pages\/116","targetHints":{"allow":["GET"]}}],"collection":[{"href":"https:\/\/imanalyst.eu\/index.php\/wp-json\/wp\/v2\/pages"}],"about":[{"href":"https:\/\/imanalyst.eu\/index.php\/wp-json\/wp\/v2\/types\/page"}],"author":[{"embeddable":true,"href":"https:\/\/imanalyst.eu\/index.php\/wp-json\/wp\/v2\/users\/1"}],"replies":[{"embeddable":true,"href":"https:\/\/imanalyst.eu\/index.php\/wp-json\/wp\/v2\/comments?post=116"}],"version-history":[{"count":17,"href":"https:\/\/imanalyst.eu\/index.php\/wp-json\/wp\/v2\/pages\/116\/revisions"}],"predecessor-version":[{"id":819,"href":"https:\/\/imanalyst.eu\/index.php\/wp-json\/wp\/v2\/pages\/116\/revisions\/819"}],"up":[{"embeddable":true,"href":"https:\/\/imanalyst.eu\/index.php\/wp-json\/wp\/v2\/pages\/110"}],"wp:attachment":[{"href":"https:\/\/imanalyst.eu\/index.php\/wp-json\/wp\/v2\/media?parent=116"}],"curies":[{"name":"wp","href":"https:\/\/api.w.org\/{rel}","templated":true}]}}